{"id":611,"date":"2022-08-02T07:12:54","date_gmt":"2022-08-02T05:12:54","guid":{"rendered":"https:\/\/www.cube-guesthouse.com\/rates-specials\/"},"modified":"2024-10-31T04:49:10","modified_gmt":"2024-10-31T02:49:10","slug":"preise","status":"publish","type":"page","link":"https:\/\/cube-guesthouse.com\/de\/preise\/","title":{"rendered":"Preise"},"content":{"rendered":"<p>[et_pb_section fb_built=&#8220;1&#8243; custom_padding_last_edited=&#8220;on|phone&#8220; module_id=&#8220;page-featured-header&#8220; _builder_version=&#8220;4.19.2&#8243; _module_preset=&#8220;default&#8220; background_image=&#8220;https:\/\/www.cube-guesthouse.com\/wp-content\/uploads\/2022\/08\/rates-bg-1.png&#8220; height_tablet=&#8220;&#8220; height_phone=&#8220;50vh&#8220; height_last_edited=&#8220;on|phone&#8220; custom_padding=&#8220;50vh||10vh||false|false&#8220; custom_padding_tablet=&#8220;50vh||0vh||false|false&#8220; custom_padding_phone=&#8220;20vh||||false|false&#8220; background_last_edited=&#8220;on|phone&#8220; use_background_color_gradient_phone=&#8220;off&#8220; global_colors_info=&#8220;{}&#8220;][et_pb_row disabled_on=&#8220;on|off|off&#8220; _builder_version=&#8220;4.17.6&#8243; _module_preset=&#8220;default&#8220; custom_padding=&#8220;|5%||5%|false|false&#8220; global_colors_info=&#8220;{}&#8220;][et_pb_column type=&#8220;4_4&#8243; _builder_version=&#8220;4.17.6&#8243; _module_preset=&#8220;default&#8220; global_colors_info=&#8220;{}&#8220;][et_pb_text _builder_version=&#8220;4.20.2&#8243; _module_preset=&#8220;default&#8220; header_font_size=&#8220;85px&#8220; background_layout=&#8220;dark&#8220; custom_margin=&#8220;||20px||false|false&#8220; global_colors_info=&#8220;{}&#8220;]<\/p>\n<h1>Preise &amp; Angebote<\/h1>\n<p>[\/et_pb_text][\/et_pb_column][\/et_pb_row][\/et_pb_section][et_pb_section fb_built=&#8220;1&#8243; _builder_version=&#8220;4.17.6&#8243; _module_preset=&#8220;default&#8220; custom_padding=&#8220;||40px||false|false&#8220; global_colors_info=&#8220;{}&#8220;][et_pb_row custom_padding_last_edited=&#8220;on|phone&#8220; disabled_on=&#8220;off|on|on&#8220; _builder_version=&#8220;4.17.6&#8243; _module_preset=&#8220;default&#8220; module_alignment=&#8220;center&#8220; custom_margin=&#8220;||||false|false&#8220; custom_margin_tablet=&#8220;||||false|false&#8220; custom_margin_phone=&#8220;||30px||false|false&#8220; custom_margin_last_edited=&#8220;on|phone&#8220; custom_padding=&#8220;|5%|0px|5%|false|false&#8220; custom_padding_tablet=&#8220;|5%|0px|5%|false|false&#8220; custom_padding_phone=&#8220;0px|0%|0px|0%|false|false&#8220; locked=&#8220;off&#8220; global_colors_info=&#8220;{}&#8220;][et_pb_column type=&#8220;4_4&#8243; _builder_version=&#8220;4.17.6&#8243; _module_preset=&#8220;default&#8220; custom_padding=&#8220;||10vh||false|false&#8220; custom_padding_tablet=&#8220;||10vh||false|false&#8220; custom_padding_phone=&#8220;||0vh||false|false&#8220; custom_padding_last_edited=&#8220;on|phone&#8220; global_colors_info=&#8220;{}&#8220;][et_pb_text _builder_version=&#8220;4.19.2&#8243; _module_preset=&#8220;default&#8220; header_font_size=&#8220;85px&#8220; custom_margin=&#8220;||0px||false|false&#8220; custom_padding=&#8220;||||false|false&#8220; header_font_size_tablet=&#8220;85px&#8220; header_font_size_phone=&#8220;65px&#8220; header_font_size_last_edited=&#8220;on|phone&#8220; global_colors_info=&#8220;{}&#8220;]<\/p>\n<h1>Preise und Angebote<\/h1>\n<p>[\/et_pb_text][\/et_pb_column][\/et_pb_row][et_pb_row custom_padding_last_edited=&#8220;on|phone&#8220; _builder_version=&#8220;4.17.6&#8243; _module_preset=&#8220;default&#8220; custom_margin=&#8220;||40px||false|false&#8220; custom_padding=&#8220;1%|5%|2%|5%|false|false&#8220; custom_padding_tablet=&#8220;1%|5%|2%|5%|false|false&#8220; custom_padding_phone=&#8220;1%|0%|40px|0%|false|false&#8220; border_width_bottom=&#8220;1px&#8220; locked=&#8220;off&#8220; global_colors_info=&#8220;{}&#8220;][et_pb_column type=&#8220;4_4&#8243; _builder_version=&#8220;4.17.6&#8243; _module_preset=&#8220;default&#8220; global_colors_info=&#8220;{}&#8220;][et_pb_text module_class=&#8220;page-intro-text&#8220; _builder_version=&#8220;4.19.2&#8243; _module_preset=&#8220;default&#8220; text_font=&#8220;|300|||||||&#8220; text_font_size=&#8220;40px&#8220; text_line_height=&#8220;45px&#8220; header_font=&#8220;|300|||||||&#8220; header_font_size=&#8220;40px&#8220; header_line_height=&#8220;45px&#8220; text_font_size_tablet=&#8220;40px&#8220; text_font_size_phone=&#8220;20px&#8220; text_font_size_last_edited=&#8220;on|phone&#8220; text_line_height_tablet=&#8220;45px&#8220; text_line_height_phone=&#8220;30px&#8220; text_line_height_last_edited=&#8220;on|phone&#8220; global_colors_info=&#8220;{}&#8220;]<\/p>\n<p>Buchen Sie direkt \u00fcber unsere Website \u2013 so erhalten Sie garantiert die besten Preise und Stornierungsbedingungen!<\/p>\n<p>[\/et_pb_text][\/et_pb_column][\/et_pb_row][\/et_pb_section][et_pb_section fb_built=&#8220;1&#8243; disabled_on=&#8220;on|on|on&#8220; _builder_version=&#8220;4.20.2&#8243; _module_preset=&#8220;default&#8220; custom_padding=&#8220;0px||2%||false|false&#8220; locked=&#8220;off&#8220; global_colors_info=&#8220;{}&#8220; custom_padding__hover_enabled=&#8220;off|desktop&#8220; disabled=&#8220;on&#8220;][et_pb_row column_structure=&#8220;1_2,1_2&#8243; make_equal=&#8220;on&#8220; _builder_version=&#8220;4.17.6&#8243; _module_preset=&#8220;default&#8220; custom_padding=&#8220;10px||||false|false&#8220; locked=&#8220;off&#8220; global_colors_info=&#8220;{}&#8220;][et_pb_column type=&#8220;1_2&#8243; _builder_version=&#8220;4.17.6&#8243; _module_preset=&#8220;default&#8220; global_colors_info=&#8220;{}&#8220;][et_pb_image src=&#8220;https:\/\/www.cube-guesthouse.com\/wp-content\/uploads\/2023\/04\/Tam-Winter-Promotion.jpg&#8220; alt=&#8220;CUBE Guest House&#8220; title_text=&#8220;Tam Winter Promotion&#8220; _builder_version=&#8220;4.20.2&#8243; _module_preset=&#8220;default&#8220; global_colors_info=&#8220;{}&#8220;][\/et_pb_image][\/et_pb_column][et_pb_column type=&#8220;1_2&#8243; _builder_version=&#8220;4.17.6&#8243; _module_preset=&#8220;default&#8220; custom_css_main_element=&#8220;margin:auto;&#8220; global_colors_info=&#8220;{}&#8220;][et_pb_text _builder_version=&#8220;4.24.0&#8243; _module_preset=&#8220;default&#8220; header_3_font_size=&#8220;24px&#8220; custom_margin=&#8220;||30px||false|false&#8220; global_colors_info=&#8220;{}&#8220;]<\/p>\n<h3><strong>Winter-Special<\/strong><\/h3>\n<p class=\"p1\">Der Winter steht in S\u00fcdafrika vor der T\u00fcr. Und was gibt es Sch\u00f6neres als es sich am Kamin gem\u00fctlich zu machen, einen Kaffee (oder einen Wein&#8230;) zu trinken und mit einem Buch herrlich zu entspannen, w\u00e4hrend es drau\u00dfen k\u00fchler wird?<\/p>\n<p class=\"p1\">Wir laden Sie dazu ein, dem Alltag zu entfliehen und es sich in unserer behaglichen Lounge bequem zu machen.<\/p>\n<p class=\"p1\">Und das Beste: mit unserem Winter-Special sparen Sie 20% auf allen \u00dcbernachtungen in der Zeit vom 01.05. &#8211; 30.09.2024.<\/p>\n<p class=\"p1\">So k\u00f6nnen Sie noch mehr entspannen und den Winter im wundersch\u00f6nen Hout Bay genie\u00dfen!<\/p>\n<p>[\/et_pb_text][et_pb_button button_url=&#8220;https:\/\/book.nightsbridge.com\/17684?lang=de&#8220; url_new_window=&#8220;on&#8220; button_text=&#8220;Online Buchung&#8220; button_alignment=&#8220;left&#8220; _builder_version=&#8220;4.20.2&#8243; _module_preset=&#8220;default&#8220; custom_margin=&#8220;||10px||false|false&#8220; locked=&#8220;off&#8220; global_colors_info=&#8220;{}&#8220;][\/et_pb_button][\/et_pb_column][\/et_pb_row][et_pb_row _builder_version=&#8220;4.17.6&#8243; _module_preset=&#8220;default&#8220; custom_padding=&#8220;2%||0px||false|false&#8220; global_colors_info=&#8220;{}&#8220;][et_pb_column type=&#8220;4_4&#8243; _builder_version=&#8220;4.17.6&#8243; _module_preset=&#8220;default&#8220; global_colors_info=&#8220;{}&#8220;][et_pb_divider _builder_version=&#8220;4.17.6&#8243; _module_preset=&#8220;default&#8220; global_colors_info=&#8220;{}&#8220;][\/et_pb_divider][\/et_pb_column][\/et_pb_row][\/et_pb_section][et_pb_section fb_built=&#8220;1&#8243; _builder_version=&#8220;4.20.2&#8243; _module_preset=&#8220;default&#8220; custom_margin=&#8220;||||false|false&#8220; custom_padding=&#8220;0px||40px||false|false&#8220; global_colors_info=&#8220;{}&#8220;][et_pb_row column_structure=&#8220;1_3,1_3,1_3&#8243; use_custom_gutter=&#8220;on&#8220; gutter_width=&#8220;2&#8243; _builder_version=&#8220;4.19.2&#8243; _module_preset=&#8220;default&#8220; custom_padding=&#8220;2.5%|0px|2.5%|0px|false|false&#8220; locked=&#8220;off&#8220; global_colors_info=&#8220;{}&#8220;][et_pb_column type=&#8220;1_3&#8243; _builder_version=&#8220;4.17.6&#8243; _module_preset=&#8220;default&#8220; global_colors_info=&#8220;{}&#8220;][et_pb_text module_class=&#8220;rates-table-dates&#8220; _builder_version=&#8220;4.24.3&#8243; _module_preset=&#8220;default&#8220; header_3_font=&#8220;|600|||||||&#8220; header_5_text_align=&#8220;center&#8220; header_5_font_size=&#8220;17px&#8220; header_5_line_height=&#8220;22px&#8220; global_colors_info=&#8220;{}&#8220;]<\/p>\n<h3 style=\"text-align: center;\"><i class=\"el-icon-document\"><\/i><span>High Season<\/span><\/h3>\n<h5 style=\"text-align: center;\"><span>12.10.24 &#8211; 20.12.24 | 05.01.25 &#8211; 30.04.25<\/p>\n<p><\/span><\/h5>\n<p style=\"text-align: center;\"><span><div id=\"footable_parent_1042\"\n         class=\" footable_parent ninja_table_wrapper loading_ninja_table wp_table_data_press_parent semantic_ui \">\n                <table data-ninja_table_instance=\"ninja_table_instance_0\" data-footable_id=\"1042\" data-filter-delay=\"1000\" aria-label=\"High Season Rates\"            id=\"footable_1042\"\n           data-unique_identifier=\"ninja_table_unique_id_2902827180_1042\"\n           class=\" foo-table ninja_footable foo_table_1042 ninja_table_unique_id_2902827180_1042 ui table  nt_type_ajax_table vertical_centered  footable-paging-right hide_all_borders ninjatable_hide_header_row ninja_table_search_disabled\">\n                <colgroup>\n                            <col class=\"ninja_column_0 \">\n                            <col class=\"ninja_column_1 \">\n                    <\/colgroup>\n            <\/table>\n    \n    \n    \n<\/div>\n<\/span><\/p>\n<p>[\/et_pb_text][\/et_pb_column][et_pb_column type=&#8220;1_3&#8243; _builder_version=&#8220;4.17.6&#8243; _module_preset=&#8220;default&#8220; global_colors_info=&#8220;{}&#8220;][et_pb_text module_class=&#8220;rates-table-dates&#8220; _builder_version=&#8220;4.24.3&#8243; _module_preset=&#8220;default&#8220; header_3_font=&#8220;|600|||||||&#8220; header_5_text_align=&#8220;center&#8220; header_5_font_size=&#8220;17px&#8220; header_5_line_height=&#8220;22px&#8220; global_colors_info=&#8220;{}&#8220;]<\/p>\n<h3 style=\"text-align: center;\"><i class=\"el-icon-document\"><\/i><span>Peak Season<\/span><\/h3>\n<h5 style=\"text-align: center;\"><span>21.12.24 \u2013 04.01.25<\/span><\/h5>\n<p><span><\/span><\/p>\n<p style=\"text-align: center;\"><span><div id=\"footable_parent_1051\"\n         class=\" footable_parent ninja_table_wrapper loading_ninja_table wp_table_data_press_parent semantic_ui \">\n                <table data-ninja_table_instance=\"ninja_table_instance_1\" data-footable_id=\"1051\" data-filter-delay=\"1000\" aria-label=\"Peak Season Rates\"            id=\"footable_1051\"\n           data-unique_identifier=\"ninja_table_unique_id_3249680230_1051\"\n           class=\" foo-table ninja_footable foo_table_1051 ninja_table_unique_id_3249680230_1051 ui table  nt_type_ajax_table vertical_centered  footable-paging-right hide_all_borders ninjatable_hide_header_row ninja_table_search_disabled\">\n                <colgroup>\n                            <col class=\"ninja_column_0 \">\n                            <col class=\"ninja_column_1 \">\n                    <\/colgroup>\n            <\/table>\n    \n    \n    \n<\/div>\n<\/span><\/p>\n<p>[\/et_pb_text][\/et_pb_column][et_pb_column type=&#8220;1_3&#8243; _builder_version=&#8220;4.17.6&#8243; _module_preset=&#8220;default&#8220; global_colors_info=&#8220;{}&#8220;][et_pb_text module_id=&#8220;rates-table-dates&#8220; _builder_version=&#8220;4.21.2&#8243; _module_preset=&#8220;default&#8220; header_3_font=&#8220;|600|||||||&#8220; header_5_text_align=&#8220;center&#8220; header_5_font_size=&#8220;17px&#8220; header_5_line_height=&#8220;22px&#8220; global_colors_info=&#8220;{}&#8220;]<\/p>\n<h3 style=\"text-align: center;\"><i class=\"el-icon-document\"><\/i><span>Low Season<\/span><\/h3>\n<h5 style=\"text-align: center;\"><span>01.05.24 &#8211; 11.10.24<\/span><\/h5>\n<p><span><\/span><\/p>\n<p style=\"text-align: center;\"><span><div id=\"footable_parent_1053\"\n         class=\" footable_parent ninja_table_wrapper loading_ninja_table wp_table_data_press_parent semantic_ui \">\n                <table data-ninja_table_instance=\"ninja_table_instance_2\" data-footable_id=\"1053\" data-filter-delay=\"1000\" aria-label=\"Low Season Rates\"            id=\"footable_1053\"\n           data-unique_identifier=\"ninja_table_unique_id_3104260122_1053\"\n           class=\" foo-table ninja_footable foo_table_1053 ninja_table_unique_id_3104260122_1053 ui table  nt_type_ajax_table vertical_centered  footable-paging-right hide_all_borders ninjatable_hide_header_row ninja_table_search_disabled\">\n                <colgroup>\n                            <col class=\"ninja_column_0 \">\n                            <col class=\"ninja_column_1 \">\n                    <\/colgroup>\n            <\/table>\n    \n    \n    \n<\/div>\n<\/span><\/p>\n<p>[\/et_pb_text][\/et_pb_column][\/et_pb_row][et_pb_row _builder_version=&#8220;4.19.2&#8243; _module_preset=&#8220;default&#8220; custom_padding=&#8220;0px||||false|false&#8220; locked=&#8220;off&#8220; global_colors_info=&#8220;{}&#8220;][et_pb_column type=&#8220;4_4&#8243; _builder_version=&#8220;4.17.6&#8243; _module_preset=&#8220;default&#8220; global_colors_info=&#8220;{}&#8220;][et_pb_divider _builder_version=&#8220;4.17.6&#8243; _module_preset=&#8220;default&#8220; custom_margin=&#8220;||20px||false|false&#8220; custom_padding=&#8220;||||false|false&#8220; global_colors_info=&#8220;{}&#8220;][\/et_pb_divider][et_pb_text _builder_version=&#8220;4.24.3&#8243; _module_preset=&#8220;default&#8220; text_font_size=&#8220;16px&#8220; text_line_height=&#8220;22px&#8220; custom_padding=&#8220;|5%||5%|false|false&#8220; custom_padding_tablet=&#8220;|5%||5%|false|false&#8220; custom_padding_phone=&#8220;|5%||5%|false|false&#8220; custom_padding_last_edited=&#8220;on|phone&#8220; global_colors_info=&#8220;{}&#8220;]<\/p>\n<p>Preise pro Zimmer pro Nacht bei Doppelbelegung, inklusive Fr\u00fchst\u00fcck. Einzelzimmerpreise auf Anfrage \u2013 Kinder ab 8 Jahren sind herzlich willkommen<\/p>\n<p><strong>Stornobedingungen<\/strong><\/p>\n<p>Wir wissen, dass es in diesen unsicheren Zeiten schwierig ist, im voraus zu planen. Daher haben wir f\u00fcr Sie unsere Stornierungsregeln sehr flexibel gehalten, so dass Sie ohne Kopfzerbrechen Ihren Aufenthalt bei uns buchen k\u00f6nnen.<\/p>\n<p>Bis 14 Tage vor Anreise k\u00f6nnen Sie Ihre Buchung kostenfrei stornieren. Bei einer sp\u00e4teren Stornierung betr\u00e4gt die Stornierungsgeb\u00fchr 100% des Buchungsbetrags.<\/p>\n<p>[\/et_pb_text][\/et_pb_column][\/et_pb_row][\/et_pb_section]<\/p>\n","protected":false},"excerpt":{"rendered":"<p>Preise &amp; AngebotePreise und AngeboteBuchen Sie direkt \u00fcber unsere Website \u2013 so erhalten Sie garantiert die besten Preise und Stornierungsbedingungen!Winter-Special Der Winter steht in S\u00fcdafrika vor der T\u00fcr. Und was gibt es Sch\u00f6neres als es sich am Kamin gem\u00fctlich zu machen, einen Kaffee (oder einen Wein&#8230;) zu trinken und mit einem Buch herrlich zu entspannen, [&hellip;]<\/p>\n","protected":false},"author":3,"featured_media":514,"parent":0,"menu_order":5,"comment_status":"closed","ping_status":"closed","template":"page-chat-de.php","meta":{"_acf_changed":false,"_et_pb_use_builder":"on","_et_pb_old_content":"","_et_gb_content_width":"","inline_featured_image":false,"footnotes":""},"class_list":["post-611","page","type-page","status-publish","has-post-thumbnail","hentry"],"acf":[],"yoast_head":"<!-- This site is optimized with the Yoast SEO plugin v27.3 - https:\/\/yoast.com\/product\/yoast-seo-wordpress\/ -->\n<title>CUBE Guest House - Preise - Online Buchung<\/title>\n<meta name=\"description\" content=\"Buchen Sie direkt \u00fcber unsere Website \u2013 so erhalten Sie garantiert die besten Preise und Stornierungsbedingungen!\" \/>\n<meta name=\"robots\" content=\"index, follow, max-snippet:-1, max-image-preview:large, max-video-preview:-1\" \/>\n<link rel=\"canonical\" href=\"https:\/\/cube-guesthouse.com\/de\/preise\/\" \/>\n<meta property=\"og:locale\" content=\"de_DE\" \/>\n<meta property=\"og:type\" content=\"article\" \/>\n<meta property=\"og:title\" content=\"CUBE Guest House - Preise - Online Buchung\" \/>\n<meta property=\"og:description\" content=\"Buchen Sie direkt \u00fcber unsere Website \u2013 so erhalten Sie garantiert die besten Preise und Stornierungsbedingungen!\" \/>\n<meta property=\"og:url\" content=\"https:\/\/cube-guesthouse.com\/de\/preise\/\" \/>\n<meta property=\"og:site_name\" content=\"CUBE Guest House\" \/>\n<meta property=\"article:modified_time\" content=\"2024-10-31T02:49:10+00:00\" \/>\n<meta property=\"og:image\" content=\"https:\/\/cube-guesthouse.com\/wp-content\/uploads\/2022\/10\/cube-guest-house-gallery12.png\" \/>\n\t<meta property=\"og:image:width\" content=\"1600\" \/>\n\t<meta property=\"og:image:height\" content=\"1067\" \/>\n\t<meta property=\"og:image:type\" content=\"image\/png\" \/>\n<meta name=\"twitter:card\" content=\"summary_large_image\" \/>\n<meta name=\"twitter:label1\" content=\"Gesch\u00e4tzte Lesezeit\" \/>\n\t<meta name=\"twitter:data1\" content=\"2\u00a0Minuten\" \/>\n<script type=\"application\/ld+json\" class=\"yoast-schema-graph\">{\"@context\":\"https:\\\/\\\/schema.org\",\"@graph\":[{\"@type\":\"WebPage\",\"@id\":\"https:\\\/\\\/cube-guesthouse.com\\\/de\\\/preise\\\/\",\"url\":\"https:\\\/\\\/cube-guesthouse.com\\\/de\\\/preise\\\/\",\"name\":\"CUBE Guest House - Preise - Online Buchung\",\"isPartOf\":{\"@id\":\"https:\\\/\\\/cube-guesthouse.com\\\/de\\\/#website\"},\"primaryImageOfPage\":{\"@id\":\"https:\\\/\\\/cube-guesthouse.com\\\/de\\\/preise\\\/#primaryimage\"},\"image\":{\"@id\":\"https:\\\/\\\/cube-guesthouse.com\\\/de\\\/preise\\\/#primaryimage\"},\"thumbnailUrl\":\"https:\\\/\\\/cube-guesthouse.com\\\/wp-content\\\/uploads\\\/2022\\\/10\\\/cube-guest-house-gallery12.png\",\"datePublished\":\"2022-08-02T05:12:54+00:00\",\"dateModified\":\"2024-10-31T02:49:10+00:00\",\"description\":\"Buchen Sie direkt \u00fcber unsere Website \u2013 so erhalten Sie garantiert die besten Preise und Stornierungsbedingungen!\",\"breadcrumb\":{\"@id\":\"https:\\\/\\\/cube-guesthouse.com\\\/de\\\/preise\\\/#breadcrumb\"},\"inLanguage\":\"de\",\"potentialAction\":[{\"@type\":\"ReadAction\",\"target\":[\"https:\\\/\\\/cube-guesthouse.com\\\/de\\\/preise\\\/\"]}]},{\"@type\":\"ImageObject\",\"inLanguage\":\"de\",\"@id\":\"https:\\\/\\\/cube-guesthouse.com\\\/de\\\/preise\\\/#primaryimage\",\"url\":\"https:\\\/\\\/cube-guesthouse.com\\\/wp-content\\\/uploads\\\/2022\\\/10\\\/cube-guest-house-gallery12.png\",\"contentUrl\":\"https:\\\/\\\/cube-guesthouse.com\\\/wp-content\\\/uploads\\\/2022\\\/10\\\/cube-guest-house-gallery12.png\",\"width\":1600,\"height\":1067},{\"@type\":\"BreadcrumbList\",\"@id\":\"https:\\\/\\\/cube-guesthouse.com\\\/de\\\/preise\\\/#breadcrumb\",\"itemListElement\":[{\"@type\":\"ListItem\",\"position\":1,\"name\":\"Home\",\"item\":\"https:\\\/\\\/cube-guesthouse.com\\\/de\\\/\"},{\"@type\":\"ListItem\",\"position\":2,\"name\":\"Preise\"}]},{\"@type\":\"WebSite\",\"@id\":\"https:\\\/\\\/cube-guesthouse.com\\\/de\\\/#website\",\"url\":\"https:\\\/\\\/cube-guesthouse.com\\\/de\\\/\",\"name\":\"CUBE Guest House\",\"description\":\"5 star Guest House in Houtbay, Cape Town\",\"potentialAction\":[{\"@type\":\"SearchAction\",\"target\":{\"@type\":\"EntryPoint\",\"urlTemplate\":\"https:\\\/\\\/cube-guesthouse.com\\\/de\\\/?s={search_term_string}\"},\"query-input\":{\"@type\":\"PropertyValueSpecification\",\"valueRequired\":true,\"valueName\":\"search_term_string\"}}],\"inLanguage\":\"de\"}]}<\/script>\n<!-- \/ Yoast SEO plugin. -->","yoast_head_json":{"title":"CUBE Guest House - Preise - Online Buchung","description":"Buchen Sie direkt \u00fcber unsere Website \u2013 so erhalten Sie garantiert die besten Preise und Stornierungsbedingungen!","robots":{"index":"index","follow":"follow","max-snippet":"max-snippet:-1","max-image-preview":"max-image-preview:large","max-video-preview":"max-video-preview:-1"},"canonical":"https:\/\/cube-guesthouse.com\/de\/preise\/","og_locale":"de_DE","og_type":"article","og_title":"CUBE Guest House - Preise - Online Buchung","og_description":"Buchen Sie direkt \u00fcber unsere Website \u2013 so erhalten Sie garantiert die besten Preise und Stornierungsbedingungen!","og_url":"https:\/\/cube-guesthouse.com\/de\/preise\/","og_site_name":"CUBE Guest House","article_modified_time":"2024-10-31T02:49:10+00:00","og_image":[{"width":1600,"height":1067,"url":"https:\/\/cube-guesthouse.com\/wp-content\/uploads\/2022\/10\/cube-guest-house-gallery12.png","type":"image\/png"}],"twitter_card":"summary_large_image","twitter_misc":{"Gesch\u00e4tzte Lesezeit":"2\u00a0Minuten"},"schema":{"@context":"https:\/\/schema.org","@graph":[{"@type":"WebPage","@id":"https:\/\/cube-guesthouse.com\/de\/preise\/","url":"https:\/\/cube-guesthouse.com\/de\/preise\/","name":"CUBE Guest House - Preise - Online Buchung","isPartOf":{"@id":"https:\/\/cube-guesthouse.com\/de\/#website"},"primaryImageOfPage":{"@id":"https:\/\/cube-guesthouse.com\/de\/preise\/#primaryimage"},"image":{"@id":"https:\/\/cube-guesthouse.com\/de\/preise\/#primaryimage"},"thumbnailUrl":"https:\/\/cube-guesthouse.com\/wp-content\/uploads\/2022\/10\/cube-guest-house-gallery12.png","datePublished":"2022-08-02T05:12:54+00:00","dateModified":"2024-10-31T02:49:10+00:00","description":"Buchen Sie direkt \u00fcber unsere Website \u2013 so erhalten Sie garantiert die besten Preise und Stornierungsbedingungen!","breadcrumb":{"@id":"https:\/\/cube-guesthouse.com\/de\/preise\/#breadcrumb"},"inLanguage":"de","potentialAction":[{"@type":"ReadAction","target":["https:\/\/cube-guesthouse.com\/de\/preise\/"]}]},{"@type":"ImageObject","inLanguage":"de","@id":"https:\/\/cube-guesthouse.com\/de\/preise\/#primaryimage","url":"https:\/\/cube-guesthouse.com\/wp-content\/uploads\/2022\/10\/cube-guest-house-gallery12.png","contentUrl":"https:\/\/cube-guesthouse.com\/wp-content\/uploads\/2022\/10\/cube-guest-house-gallery12.png","width":1600,"height":1067},{"@type":"BreadcrumbList","@id":"https:\/\/cube-guesthouse.com\/de\/preise\/#breadcrumb","itemListElement":[{"@type":"ListItem","position":1,"name":"Home","item":"https:\/\/cube-guesthouse.com\/de\/"},{"@type":"ListItem","position":2,"name":"Preise"}]},{"@type":"WebSite","@id":"https:\/\/cube-guesthouse.com\/de\/#website","url":"https:\/\/cube-guesthouse.com\/de\/","name":"CUBE Guest House","description":"5 star Guest House in Houtbay, Cape Town","potentialAction":[{"@type":"SearchAction","target":{"@type":"EntryPoint","urlTemplate":"https:\/\/cube-guesthouse.com\/de\/?s={search_term_string}"},"query-input":{"@type":"PropertyValueSpecification","valueRequired":true,"valueName":"search_term_string"}}],"inLanguage":"de"}]}},"_links":{"self":[{"href":"https:\/\/cube-guesthouse.com\/de\/wp-json\/wp\/v2\/pages\/611","targetHints":{"allow":["GET"]}}],"collection":[{"href":"https:\/\/cube-guesthouse.com\/de\/wp-json\/wp\/v2\/pages"}],"about":[{"href":"https:\/\/cube-guesthouse.com\/de\/wp-json\/wp\/v2\/types\/page"}],"author":[{"embeddable":true,"href":"https:\/\/cube-guesthouse.com\/de\/wp-json\/wp\/v2\/users\/3"}],"replies":[{"embeddable":true,"href":"https:\/\/cube-guesthouse.com\/de\/wp-json\/wp\/v2\/comments?post=611"}],"version-history":[{"count":0,"href":"https:\/\/cube-guesthouse.com\/de\/wp-json\/wp\/v2\/pages\/611\/revisions"}],"wp:featuredmedia":[{"embeddable":true,"href":"https:\/\/cube-guesthouse.com\/de\/wp-json\/wp\/v2\/media\/514"}],"wp:attachment":[{"href":"https:\/\/cube-guesthouse.com\/de\/wp-json\/wp\/v2\/media?parent=611"}],"curies":[{"name":"wp","href":"https:\/\/api.w.org\/{rel}","templated":true}]}}